{"id":333,"date":"2024-02-06T15:54:32","date_gmt":"2024-02-06T15:54:32","guid":{"rendered":"https:\/\/farmodietica.com\/?page_id=333"},"modified":"2024-03-07T11:08:56","modified_gmt":"2024-03-07T11:08:56","slug":"presenca-no-mundo","status":"publish","type":"page","link":"https:\/\/farmodietica.com\/en\/presenca-no-mundo\/","title":{"rendered":"Worldwide presence"},"content":{"rendered":"","protected":false},"excerpt":{"rendered":"","protected":false},"author":2,"featured_media":0,"parent":0,"menu_order":0,"comment_status":"closed","ping_status":"closed","template":"","meta":{"footnotes":""},"class_list":["post-333","page","type-page","status-publish","hentry"],"acf":[],"yoast_head":"<!-- This site is optimized with the Yoast SEO plugin v21.9.1 - https:\/\/yoast.com\/wordpress\/plugins\/seo\/ -->\n<title>Presen\u00e7a no Mundo - Farmodietica<\/title>\n<meta name=\"description\" content=\"Estamos comprometidos em garantir as melhores solu\u00e7\u00f5es de sa\u00fade e bem-estar, levando os valores e a excel\u00eancia da Farmodi\u00e9tica a um cen\u00e1rio internacional.\" \/>\n<meta name=\"robots\" content=\"index, follow, max-snippet:-1, max-image-preview:large, max-video-preview:-1\" \/>\n<link rel=\"canonical\" href=\"https:\/\/farmodietica.com\/en\/presenca-no-mundo\/\" \/>\n<meta property=\"og:locale\" content=\"en_US\" \/>\n<meta property=\"og:type\" content=\"article\" \/>\n<meta property=\"og:title\" content=\"Presen\u00e7a no Mundo - Farmodietica\" \/>\n<meta property=\"og:description\" content=\"Estamos comprometidos em garantir as melhores solu\u00e7\u00f5es de sa\u00fade e bem-estar, levando os valores e a excel\u00eancia da Farmodi\u00e9tica a um cen\u00e1rio internacional.\" \/>\n<meta property=\"og:url\" content=\"https:\/\/farmodietica.com\/en\/presenca-no-mundo\/\" \/>\n<meta property=\"og:site_name\" content=\"Farmodietica\" \/>\n<meta property=\"article:modified_time\" content=\"2024-03-07T11:08:56+00:00\" \/>\n<meta name=\"twitter:card\" content=\"summary_large_image\" \/>\n<script type=\"application\/ld+json\" class=\"yoast-schema-graph\">{\"@context\":\"https:\/\/schema.org\",\"@graph\":[{\"@type\":\"WebPage\",\"@id\":\"https:\/\/farmodietica.com\/presenca-no-mundo\/\",\"url\":\"https:\/\/farmodietica.com\/presenca-no-mundo\/\",\"name\":\"Presen\u00e7a no Mundo - Farmodietica\",\"isPartOf\":{\"@id\":\"https:\/\/farmodietica.com\/#website\"},\"datePublished\":\"2024-02-06T15:54:32+00:00\",\"dateModified\":\"2024-03-07T11:08:56+00:00\",\"description\":\"Estamos comprometidos em garantir as melhores solu\u00e7\u00f5es de sa\u00fade e bem-estar, levando os valores e a excel\u00eancia da Farmodi\u00e9tica a um cen\u00e1rio internacional.\",\"breadcrumb\":{\"@id\":\"https:\/\/farmodietica.com\/presenca-no-mundo\/#breadcrumb\"},\"inLanguage\":\"en-US\",\"potentialAction\":[{\"@type\":\"ReadAction\",\"target\":[\"https:\/\/farmodietica.com\/presenca-no-mundo\/\"]}]},{\"@type\":\"BreadcrumbList\",\"@id\":\"https:\/\/farmodietica.com\/presenca-no-mundo\/#breadcrumb\",\"itemListElement\":[{\"@type\":\"ListItem\",\"position\":1,\"name\":\"In\u00edcio\",\"item\":\"https:\/\/farmodietica.com\/\"},{\"@type\":\"ListItem\",\"position\":2,\"name\":\"Presen\u00e7a no Mundo\"}]},{\"@type\":\"WebSite\",\"@id\":\"https:\/\/farmodietica.com\/#website\",\"url\":\"https:\/\/farmodietica.com\/\",\"name\":\"Farmodietica\",\"description\":\"\",\"potentialAction\":[{\"@type\":\"SearchAction\",\"target\":{\"@type\":\"EntryPoint\",\"urlTemplate\":\"https:\/\/farmodietica.com\/?s={search_term_string}\"},\"query-input\":\"required name=search_term_string\"}],\"inLanguage\":\"en-US\"}]}<\/script>\n<!-- \/ Yoast SEO plugin. -->","yoast_head_json":{"title":"Presen\u00e7a no Mundo - Farmodietica","description":"Estamos comprometidos em garantir as melhores solu\u00e7\u00f5es de sa\u00fade e bem-estar, levando os valores e a excel\u00eancia da Farmodi\u00e9tica a um cen\u00e1rio internacional.","robots":{"index":"index","follow":"follow","max-snippet":"max-snippet:-1","max-image-preview":"max-image-preview:large","max-video-preview":"max-video-preview:-1"},"canonical":"https:\/\/farmodietica.com\/en\/presenca-no-mundo\/","og_locale":"en_US","og_type":"article","og_title":"Presen\u00e7a no Mundo - Farmodietica","og_description":"Estamos comprometidos em garantir as melhores solu\u00e7\u00f5es de sa\u00fade e bem-estar, levando os valores e a excel\u00eancia da Farmodi\u00e9tica a um cen\u00e1rio internacional.","og_url":"https:\/\/farmodietica.com\/en\/presenca-no-mundo\/","og_site_name":"Farmodietica","article_modified_time":"2024-03-07T11:08:56+00:00","twitter_card":"summary_large_image","schema":{"@context":"https:\/\/schema.org","@graph":[{"@type":"WebPage","@id":"https:\/\/farmodietica.com\/presenca-no-mundo\/","url":"https:\/\/farmodietica.com\/presenca-no-mundo\/","name":"Presen\u00e7a no Mundo - Farmodietica","isPartOf":{"@id":"https:\/\/farmodietica.com\/#website"},"datePublished":"2024-02-06T15:54:32+00:00","dateModified":"2024-03-07T11:08:56+00:00","description":"Estamos comprometidos em garantir as melhores solu\u00e7\u00f5es de sa\u00fade e bem-estar, levando os valores e a excel\u00eancia da Farmodi\u00e9tica a um cen\u00e1rio internacional.","breadcrumb":{"@id":"https:\/\/farmodietica.com\/presenca-no-mundo\/#breadcrumb"},"inLanguage":"en-US","potentialAction":[{"@type":"ReadAction","target":["https:\/\/farmodietica.com\/presenca-no-mundo\/"]}]},{"@type":"BreadcrumbList","@id":"https:\/\/farmodietica.com\/presenca-no-mundo\/#breadcrumb","itemListElement":[{"@type":"ListItem","position":1,"name":"In\u00edcio","item":"https:\/\/farmodietica.com\/"},{"@type":"ListItem","position":2,"name":"Presen\u00e7a no Mundo"}]},{"@type":"WebSite","@id":"https:\/\/farmodietica.com\/#website","url":"https:\/\/farmodietica.com\/","name":"Farmodietica","description":"","potentialAction":[{"@type":"SearchAction","target":{"@type":"EntryPoint","urlTemplate":"https:\/\/farmodietica.com\/?s={search_term_string}"},"query-input":"required name=search_term_string"}],"inLanguage":"en-US"}]}},"_links":{"self":[{"href":"https:\/\/farmodietica.com\/en\/wp-json\/wp\/v2\/pages\/333","targetHints":{"allow":["GET"]}}],"collection":[{"href":"https:\/\/farmodietica.com\/en\/wp-json\/wp\/v2\/pages"}],"about":[{"href":"https:\/\/farmodietica.com\/en\/wp-json\/wp\/v2\/types\/page"}],"author":[{"embeddable":true,"href":"https:\/\/farmodietica.com\/en\/wp-json\/wp\/v2\/users\/2"}],"replies":[{"embeddable":true,"href":"https:\/\/farmodietica.com\/en\/wp-json\/wp\/v2\/comments?post=333"}],"version-history":[{"count":1,"href":"https:\/\/farmodietica.com\/en\/wp-json\/wp\/v2\/pages\/333\/revisions"}],"predecessor-version":[{"id":334,"href":"https:\/\/farmodietica.com\/en\/wp-json\/wp\/v2\/pages\/333\/revisions\/334"}],"wp:attachment":[{"href":"https:\/\/farmodietica.com\/en\/wp-json\/wp\/v2\/media?parent=333"}],"curies":[{"name":"wp","href":"https:\/\/api.w.org\/{rel}","templated":true}]}}