{"id":494,"date":"2024-06-19T11:27:35","date_gmt":"2024-06-19T11:27:35","guid":{"rendered":"https:\/\/farmodietica.com\/?page_id=494"},"modified":"2024-07-02T16:35:15","modified_gmt":"2024-07-02T16:35:15","slug":"projetos-financiados","status":"publish","type":"page","link":"https:\/\/farmodietica.com\/en\/projetos-financiados\/","title":{"rendered":"Projetos Financiados"},"content":{"rendered":"<p><strong>\u00a0 \u00a0 <\/strong><\/p>\n<p>&nbsp;<\/p>\n<p>&nbsp;<\/p>\n<h2><strong>Projetos Financiados<\/strong><\/h2>\n<p style=\"text-align: left;\"><strong>Designa\u00e7\u00e3o do projeto:<\/strong>\u00a0Apoiar o processo de consultas \u00e0 dist\u00e2ncia da Farmodi\u00e9tica<\/p>\n<p><strong>C\u00f3digo do projeto:<\/strong>\u00a0LISBOA-02-08B9-FEDER-068131<\/p>\n<p><strong>Objetivo principal:<\/strong>\u00a0Refor\u00e7ar a competitividade das PME<\/p>\n<p><strong>Regi\u00e3o de interven\u00e7\u00e3o:<\/strong>\u00a0Lisboa<\/p>\n<p><strong>Entidade benefici\u00e1ria:<\/strong>\u00a0FARMODI\u00c9TICA \u2013 COSM\u00c9TICA, DIET\u00c9TICA E PRODUTOS FARMAC\u00caUTICOS, S.A.<\/p>\n<p><strong>Data de aprova\u00e7\u00e3o:<\/strong>\u00a006-08-2020<\/p>\n<p><strong>Data de in\u00edcio:<\/strong>\u00a025-05-2020<\/p>\n<p><strong>Data de conclus\u00e3o:<\/strong>\u00a031-10-2020<\/p>\n<p><strong>Custo total eleg\u00edvel:<\/strong>\u00a040.000,00 EUR<\/p>\n<p><strong>Apoio financeiro da Uni\u00e3o Europeia:<\/strong>\u00a0FEDER \u2013 20.000,00 EUR<\/p>\n<p><strong>Objetivos, atividades e resultados esperados\/atingidos<\/strong><\/p>\n<p><strong>S\u00edntese do projeto\/objetivos:<\/strong><\/p>\n<p>O projeto de investimento visa adaptar a Farmodi\u00e9tica aos novos desafios resultantes do COVID-19, nomeadamente, atrav\u00e9s de investimentos na digitaliza\u00e7\u00e3o do seu modelo de neg\u00f3cios.\u00a0 \u00a0 \u00a0 \u00a0 \u00a0 \u00a0 \u00a0 \u00a0 \u00a0 Neste contexto, a empresa ir\u00e1 realizar um investimento que possibilite a presta\u00e7\u00e3o de um servi\u00e7o de consultas online, atrav\u00e9s das plataformas digitais da Farmodi\u00e9tica.<\/p>\n<p><strong>Resultados esperados do projeto:<\/strong><\/p>\n<p>O projeto de investimento \u00e9 constitu\u00eddo por tr\u00eas linhas de desenvolvimentos:<\/p>\n<p>O primeiro diz respeito \u00e0 cria\u00e7\u00e3o de todas as funcionalidades necess\u00e1rias ao agendamento e condu\u00e7\u00e3o das consultas em modo on-line (ou remoto) na plataforma Outsystems que j\u00e1 est\u00e1\u00a0 \u00a0 \u00a0 \u00a0 \u00a0 \u00a0 \u00a0 \u00a0 \u00a0 \u00a0 \u00a0 licenciada. Essas funcionalidades incluem a consulta de nutri\u00e7\u00e3o \u00e0 dist\u00e2ncia, mas tamb\u00e9m uma \u00e1rea de parceiros para que os comerciais, em per\u00edodo de confinamento e maior\u00a0 \u00a0 \u00a0 \u00a0 \u00a0 \u00a0 \u00a0 \u00a0 \u00a0 \u00a0 \u00a0 \u00a0 \u00a0 \u00a0 \u00a0 \u00a0 \u00a0 \u00a0 \u00a0 distanciamento social, possam manter canais f\u00edsicos a par dos objetivos e resultados atingidos.<\/p>\n<p>O segundo diz respeito \u00e0 cria\u00e7\u00e3o de lojas on-line por linha de produto em Woocommerce\/Wordpress para que exista uma alternativa aos canais f\u00edsicos que foram encerrados de\u00a0 \u00a0 \u00a0 \u00a0 \u00a0 \u00a0 \u00a0 \u00a0 \u00a0 \u00a0 \u00a0 \u00a0 \u00a0 \u00a0 \u00a0 \u00a0 \u00a0 \u00a0 encomenda, pagamento e expedi\u00e7\u00e3o de produtos.<\/p>\n<p>Em terceiro lugar, s\u00e3o feitos desenvolvimentos na integra\u00e7\u00e3o entre informa\u00e7\u00e3o de diversos sistemas (Plataforma OutSystems, Loja Online Woocommerce, PHC) atrav\u00e9s do nosso DW\u00a0 \u00a0 \u00a0 \u00a0 \u00a0 \u00a0 \u00a0 \u00a0 \u00a0 \u00a0 \u00a0 \u00a0 Corporativo para permitir que a informa\u00e7\u00e3o transacional seja partilhada entre sistemas e para que exista informa\u00e7\u00e3o anal\u00edtica de suporte ao neg\u00f3cio e ao processo de decis\u00e3o da administra\u00e7\u00e3o.<\/p>\n<hr \/>\n<p><strong>Designa\u00e7\u00e3o do projeto:<\/strong>\u00a0Farmodi\u00e9tica \u2013 Qualifica\u00e7\u00e3o global como diferencia\u00e7\u00e3o e qualidade<\/p>\n<p><strong>C\u00f3digo do projeto:<\/strong>\u00a0LISBOA-02-0752-FEDER-025587<\/p>\n<p><strong>Objetivo principal:<\/strong>\u00a0Refor\u00e7ar a competitividade das PME<\/p>\n<p><strong>Regi\u00e3o de interven\u00e7\u00e3o:<\/strong>\u00a0Lisboa<\/p>\n<p><strong>Entidade benefici\u00e1ria:<\/strong>\u00a0FARMODI\u00c9TICA \u2013 Cosm\u00e9tica, Diet\u00e9tica e Produtos Farmac\u00eauticos, SA.<\/p>\n<p><strong>Data de aprova\u00e7\u00e3o:<\/strong>\u00a031-05-2017<\/p>\n<p><strong>Data de in\u00edcio:<\/strong>\u00a001-06-2017<\/p>\n<p><strong>Data de conclus\u00e3o:<\/strong>\u00a031-01-2020<\/p>\n<p><strong>Custo total eleg\u00edvel:<\/strong>\u00a0187.168,75 EUR<\/p>\n<p><strong>Apoio financeiro da Uni\u00e3o Europeia:<\/strong>\u00a0FEDER \u2013 74.867,50 EUR<\/p>\n<p><strong>Objetivos, atividades e resultados esperados\/atingidos<\/strong><\/p>\n<p><strong>S\u00edntese do projeto:<\/strong><\/p>\n<p>A FARMODI\u00c9TICA especializada em suplementos alimentares possui tr\u00eas marcas registadas a n\u00edvel nacional a Absorvit Vitaminas, Advancis Caps e a Easyslim, a n\u00edvel internacional tem\u00a0 \u00a0 \u00a0 \u00a0 \u00a0 \u00a0 \u00a0 \u00a0 \u00a0 \u00a0 tr\u00eas marcas englobadas numa \u00fanica marca, Advancis Caps (More Bioavailble, More Effective). A estrat\u00e9gia da empresa passa pela aposta na internacionaliza\u00e7\u00e3o da marca, na qualidade,\u00a0 \u00a0 \u00a0 \u00a0 \u00a0 \u00a0 \u00a0 \u00a0 \u00a0 \u00a0 \u00a0 no servi\u00e7o ao cliente e por alian\u00e7as estrat\u00e9gicas. Com o presente projeto, prop\u00f5e-se refor\u00e7ar os dom\u00ednios imateriais de competitividade, em inova\u00e7\u00e3o organizacional e gest\u00e3o, economia\u00a0 \u00a0 \u00a0 \u00a0 \u00a0 \u00a0 \u00a0 \u00a0 \u00a0 \u00a0 \u00a0 \u00a0 digital e comunica\u00e7\u00e3o, certifica\u00e7\u00f5es e cria\u00e7\u00e3o de marca e design.<\/p>\n<p><strong>Principais objetivos estrat\u00e9gicos do projeto:<\/strong><\/p>\n<p>Ao n\u00edvel dos objetivos estrat\u00e9gicos, identifica-se entre outros, os seguintes:<\/p>\n<p>Procura de distribuidores para as suas marcas;<\/p>\n<p>Cria\u00e7\u00e3o de postos de trabalho, nomeadamente de emprego qualificado;<\/p>\n<p>Qualifica\u00e7\u00e3o no contributo de acesso a novos mercados e diversifica\u00e7\u00e3o de produtos nos mercados;<\/p>\n<p>A estrat\u00e9gia passa tamb\u00e9m pelo grande refor\u00e7o da sua qualifica\u00e7\u00e3o em termos competitivos, de suporte \u00e0 grande aposta na internacionaliza\u00e7\u00e3o da marca, na qualidade, no servi\u00e7o ao\u00a0 \u00a0 \u00a0 \u00a0 \u00a0 \u00a0 \u00a0 \u00a0 \u00a0 \u00a0 \u00a0 \u00a0 \u00a0 \u00a0 cliente e por alian\u00e7as estrat\u00e9gicas.<\/p>\n<hr \/>\n<p><strong>Designa\u00e7\u00e3o do projeto:<\/strong>\u00a0Farmodi\u00e9tica \u2013 Internacionaliza\u00e7\u00e3o com qualidade e diferencia\u00e7\u00e3o<\/p>\n<p><strong>C\u00f3digo do projeto:<\/strong>\u00a0LISBOA-02-0752-FEDER-023504<\/p>\n<p><strong>Objetivo principal:<\/strong>\u00a0Refor\u00e7ar a competitividade das PME<\/p>\n<p><strong>Regi\u00e3o de interven\u00e7\u00e3o:<\/strong>\u00a0Lisboa<\/p>\n<p><strong>Entidade benefici\u00e1ria:<\/strong>\u00a0FARMODI\u00c9TICA \u2013 Cosm\u00e9tica, Diet\u00e9tica e Produtos Farmac\u00eauticos, SA.<\/p>\n<p><strong>Data de aprova\u00e7\u00e3o:<\/strong>\u00a022-02-2017<\/p>\n<p><strong>Data de in\u00edcio:<\/strong>\u00a004-10-2016<\/p>\n<p><strong>Data de conclus\u00e3o:<\/strong>\u00a003-07-2019<\/p>\n<p><strong>Custo total eleg\u00edvel:<\/strong>\u00a0306.693,00 EUR<\/p>\n<p><strong>Apoio financeiro da Uni\u00e3o Europeia:<\/strong>\u00a0FEDER \u2013 122.677,20 EUR<\/p>\n<p><strong>Objetivos, atividades e resultados esperados\/atingidos<\/strong><\/p>\n<p><strong>S\u00edntese do projeto:<\/strong><\/p>\n<p>A FARMODI\u00c9TICA pretende contribuir para melhorar a sa\u00fade e bem-estar da popula\u00e7\u00e3o assim como para o crescimento e cria\u00e7\u00e3o de valor para os clientes, para a empresa e para quem\u00a0 \u00a0 \u00a0 \u00a0 \u00a0 \u00a0 \u00a0 \u00a0 \u00a0 \u00a0 nela trabalha.<\/p>\n<p>Com o presente projeto de internacionaliza\u00e7\u00e3o, o promotor visa uma abordagem de extens\u00e3o de mercado prevendo assim a penetra\u00e7\u00e3o em novos mercados externos.<\/p>\n<p><strong>Principais objetivos estrat\u00e9gicos do projeto:<\/strong><\/p>\n<p>Ao n\u00edvel dos objetivos estrat\u00e9gicos, identifica-se entre outros, os seguintes:<\/p>\n<p>Procura de distribuidores para as nossas marcas;<\/p>\n<p>Presen\u00e7a direta noutros mercados com o programa de perda de peso 3 StepDiet;<\/p>\n<p>Incremento forte do volume de vendas e com express\u00e3o tamb\u00e9m no volume de vendas internacional;<\/p>\n<p>Cria\u00e7\u00e3o de postos de trabalho, nomeadamente de emprego qualificado;<\/p>\n<p>Acesso a novos mercados e diversifica\u00e7\u00e3o de produtos nos mercados.<\/p>\n<p><strong>Principais objetivos obtidos:<\/strong><\/p>\n<p>A implementa\u00e7\u00e3o deste projeto permitiu \u00e0 nossa empresa continuar a investir e fomentar o crescimento da sua competitividade, justificando-se pelo facto da FARMODI\u00c9TICA registar\u00a0 \u00a0 \u00a0 \u00a0 \u00a0 \u00a0 \u00a0 \u00a0 \u00a0 \u00a0 \u00a0 \u00a0um bom desempenho na sua orienta\u00e7\u00e3o e capacidade de resposta para o mercado global e da aceita\u00e7\u00e3o da sua atividade no setor em que vem atuando. A atividade da nossa empresa\u00a0 \u00a0 \u00a0 \u00a0 \u00a0 \u00a0 \u00a0 \u00a0 \u00a0 \u00a0 \u00a0 \u00a0 \u00a0 \u00a0 \u00a0registou um crescimento elevado no n.\u00ba de novos postos de trabalho, bem como no aumento de volume de neg\u00f3cios nos \u00faltimos 3 anos de forma significativa, registando-se, um volume\u00a0 \u00a0 \u00a0 \u00a0 \u00a0 \u00a0 \u00a0 \u00a0 \u00a0 \u00a0 de neg\u00f3cios de 12,6 milh\u00f5es de euros em 2016, de 15,5 milh\u00f5es de euros em 2017 e de 18,8 milh\u00f5es de euros em 2018. O projeto de investimento contribuiu ainda de forma significativa\u00a0 \u00a0 \u00a0 \u00a0 \u00a0 \u00a0 \u00a0 \u00a0 \u00a0 \u00a0 \u00a0 para o acesso a novos mercados externos.<\/p>","protected":false},"excerpt":{"rendered":"<p>\u00a0 \u00a0 &nbsp; &nbsp; Projetos Financiados Designa\u00e7\u00e3o do projeto:\u00a0Apoiar o processo de consultas \u00e0 dist\u00e2ncia [&hellip;]<\/p>","protected":false},"author":8,"featured_media":0,"parent":0,"menu_order":0,"comment_status":"closed","ping_status":"closed","template":"","meta":{"footnotes":""},"class_list":["post-494","page","type-page","status-publish","hentry"],"acf":[],"yoast_head":"<!-- This site is optimized with the Yoast SEO plugin v21.9.1 - https:\/\/yoast.com\/wordpress\/plugins\/seo\/ -->\n<title>Projetos Financiados - Farmodietica<\/title>\n<meta name=\"robots\" content=\"index, follow, max-snippet:-1, max-image-preview:large, max-video-preview:-1\" \/>\n<link rel=\"canonical\" href=\"https:\/\/farmodietica.com\/en\/projetos-financiados\/\" \/>\n<meta property=\"og:locale\" content=\"en_US\" \/>\n<meta property=\"og:type\" content=\"article\" \/>\n<meta property=\"og:title\" content=\"Projetos Financiados - Farmodietica\" \/>\n<meta property=\"og:description\" content=\"\u00a0 \u00a0 &nbsp; &nbsp; Projetos Financiados Designa\u00e7\u00e3o do projeto:\u00a0Apoiar o processo de consultas \u00e0 dist\u00e2ncia [&hellip;]\" \/>\n<meta property=\"og:url\" content=\"https:\/\/farmodietica.com\/en\/projetos-financiados\/\" \/>\n<meta property=\"og:site_name\" content=\"Farmodietica\" \/>\n<meta property=\"article:modified_time\" content=\"2024-07-02T16:35:15+00:00\" \/>\n<meta name=\"twitter:card\" content=\"summary_large_image\" \/>\n<meta name=\"twitter:label1\" content=\"Est. reading time\" \/>\n\t<meta name=\"twitter:data1\" content=\"5 minutes\" \/>\n<script type=\"application\/ld+json\" class=\"yoast-schema-graph\">{\"@context\":\"https:\/\/schema.org\",\"@graph\":[{\"@type\":[\"WebPage\",\"ProfilePage\"],\"@id\":\"https:\/\/farmodietica.com\/projetos-financiados\/\",\"url\":\"https:\/\/farmodietica.com\/projetos-financiados\/\",\"name\":\"Projetos Financiados - Farmodietica\",\"isPartOf\":{\"@id\":\"https:\/\/farmodietica.com\/#website\"},\"datePublished\":\"2024-06-19T11:27:35+00:00\",\"dateModified\":\"2024-07-02T16:35:15+00:00\",\"breadcrumb\":{\"@id\":\"https:\/\/farmodietica.com\/projetos-financiados\/#breadcrumb\"},\"inLanguage\":\"en-US\",\"potentialAction\":[{\"@type\":\"ReadAction\",\"target\":[\"https:\/\/farmodietica.com\/projetos-financiados\/\"]}]},{\"@type\":\"BreadcrumbList\",\"@id\":\"https:\/\/farmodietica.com\/projetos-financiados\/#breadcrumb\",\"itemListElement\":[{\"@type\":\"ListItem\",\"position\":1,\"name\":\"In\u00edcio\",\"item\":\"https:\/\/farmodietica.com\/\"},{\"@type\":\"ListItem\",\"position\":2,\"name\":\"Projetos Financiados\"}]},{\"@type\":\"WebSite\",\"@id\":\"https:\/\/farmodietica.com\/#website\",\"url\":\"https:\/\/farmodietica.com\/\",\"name\":\"Farmodietica\",\"description\":\"\",\"potentialAction\":[{\"@type\":\"SearchAction\",\"target\":{\"@type\":\"EntryPoint\",\"urlTemplate\":\"https:\/\/farmodietica.com\/?s={search_term_string}\"},\"query-input\":\"required name=search_term_string\"}],\"inLanguage\":\"en-US\"}]}<\/script>\n<!-- \/ Yoast SEO plugin. -->","yoast_head_json":{"title":"Projetos Financiados - Farmodietica","robots":{"index":"index","follow":"follow","max-snippet":"max-snippet:-1","max-image-preview":"max-image-preview:large","max-video-preview":"max-video-preview:-1"},"canonical":"https:\/\/farmodietica.com\/en\/projetos-financiados\/","og_locale":"en_US","og_type":"article","og_title":"Projetos Financiados - Farmodietica","og_description":"\u00a0 \u00a0 &nbsp; &nbsp; Projetos Financiados Designa\u00e7\u00e3o do projeto:\u00a0Apoiar o processo de consultas \u00e0 dist\u00e2ncia [&hellip;]","og_url":"https:\/\/farmodietica.com\/en\/projetos-financiados\/","og_site_name":"Farmodietica","article_modified_time":"2024-07-02T16:35:15+00:00","twitter_card":"summary_large_image","twitter_misc":{"Est. reading time":"5 minutes"},"schema":{"@context":"https:\/\/schema.org","@graph":[{"@type":["WebPage","ProfilePage"],"@id":"https:\/\/farmodietica.com\/projetos-financiados\/","url":"https:\/\/farmodietica.com\/projetos-financiados\/","name":"Projetos Financiados - Farmodietica","isPartOf":{"@id":"https:\/\/farmodietica.com\/#website"},"datePublished":"2024-06-19T11:27:35+00:00","dateModified":"2024-07-02T16:35:15+00:00","breadcrumb":{"@id":"https:\/\/farmodietica.com\/projetos-financiados\/#breadcrumb"},"inLanguage":"en-US","potentialAction":[{"@type":"ReadAction","target":["https:\/\/farmodietica.com\/projetos-financiados\/"]}]},{"@type":"BreadcrumbList","@id":"https:\/\/farmodietica.com\/projetos-financiados\/#breadcrumb","itemListElement":[{"@type":"ListItem","position":1,"name":"In\u00edcio","item":"https:\/\/farmodietica.com\/"},{"@type":"ListItem","position":2,"name":"Projetos Financiados"}]},{"@type":"WebSite","@id":"https:\/\/farmodietica.com\/#website","url":"https:\/\/farmodietica.com\/","name":"Farmodietica","description":"","potentialAction":[{"@type":"SearchAction","target":{"@type":"EntryPoint","urlTemplate":"https:\/\/farmodietica.com\/?s={search_term_string}"},"query-input":"required name=search_term_string"}],"inLanguage":"en-US"}]}},"_links":{"self":[{"href":"https:\/\/farmodietica.com\/en\/wp-json\/wp\/v2\/pages\/494","targetHints":{"allow":["GET"]}}],"collection":[{"href":"https:\/\/farmodietica.com\/en\/wp-json\/wp\/v2\/pages"}],"about":[{"href":"https:\/\/farmodietica.com\/en\/wp-json\/wp\/v2\/types\/page"}],"author":[{"embeddable":true,"href":"https:\/\/farmodietica.com\/en\/wp-json\/wp\/v2\/users\/8"}],"replies":[{"embeddable":true,"href":"https:\/\/farmodietica.com\/en\/wp-json\/wp\/v2\/comments?post=494"}],"version-history":[{"count":9,"href":"https:\/\/farmodietica.com\/en\/wp-json\/wp\/v2\/pages\/494\/revisions"}],"predecessor-version":[{"id":506,"href":"https:\/\/farmodietica.com\/en\/wp-json\/wp\/v2\/pages\/494\/revisions\/506"}],"wp:attachment":[{"href":"https:\/\/farmodietica.com\/en\/wp-json\/wp\/v2\/media?parent=494"}],"curies":[{"name":"wp","href":"https:\/\/api.w.org\/{rel}","templated":true}]}}